{"id":1801,"date":"2022-05-17T12:53:54","date_gmt":"2022-05-17T10:53:54","guid":{"rendered":"http:\/\/diviecommerce.aspengrovestudios.space\/cart\/"},"modified":"2024-11-05T10:31:21","modified_gmt":"2024-11-05T08:31:21","slug":"kosarica","status":"publish","type":"page","link":"https:\/\/nasadi.hr\/webshop\/kosarica\/","title":{"rendered":"Ko\u0161arica"},"content":{"rendered":"<p>[et_pb_section fb_built=&#8221;1&#8243; module_id=&#8221;ecommerce-custom-header&#8221; _builder_version=&#8221;4.18.0&#8243; background_color=&#8221;#008847&#8243; custom_margin=&#8221;||||false|false&#8221; custom_margin_tablet=&#8221;30px||||false|false&#8221; custom_margin_phone=&#8221;30px||||false|false&#8221; custom_margin_last_edited=&#8221;on|tablet&#8221; locked=&#8221;off&#8221; global_colors_info=&#8221;{}&#8221;][et_pb_row _builder_version=&#8221;4.16&#8243; global_colors_info=&#8221;{}&#8221;][et_pb_column type=&#8221;4_4&#8243; _builder_version=&#8221;4.16&#8243; global_colors_info=&#8221;{}&#8221;][et_pb_text _builder_version=&#8221;4.18.0&#8243; _dynamic_attributes=&#8221;content&#8221; header_font=&#8221;||||||||&#8221; header_text_color=&#8221;#FFFFFF&#8221; custom_margin=&#8221;||0px||false|false&#8221; global_colors_info=&#8221;{}&#8221;]@ET-DC@eyJkeW5hbWljIjp0cnVlLCJjb250ZW50IjoicG9zdF90aXRsZSIsInNldHRpbmdzIjp7ImJlZm9yZSI6IjxoMT4iLCJhZnRlciI6IjwvaDE+In19@[\/et_pb_text][et_pb_text module_class=&#8221;trgovina-breadcrumbs&#8221; _builder_version=&#8221;4.18.0&#8243; _module_preset=&#8221;default&#8221; text_font=&#8221;||||||||&#8221; text_text_color=&#8221;#FFFFFF&#8221; header_text_color=&#8221;#FFFFFF&#8221; text_orientation=&#8221;center&#8221; global_colors_info=&#8221;{}&#8221;]<\/p>\n<p style=\"text-align: left;\"><span style=\"color: #ffffff;\">Moj ra\u010dun \/ Ko\u0161arica<\/span><\/p>\n<p>[\/et_pb_text][\/et_pb_column][\/et_pb_row][\/et_pb_section][et_pb_section fb_built=&#8221;1&#8243; _builder_version=&#8221;4.18.0&#8243; background_color=&#8221;#FFFFFF&#8221; z_index=&#8221;499&#8243; min_height=&#8221;600px&#8221; custom_padding=&#8221;30px||30px|&#8221; global_colors_info=&#8221;{}&#8221;][et_pb_row _builder_version=&#8221;4.18.0&#8243; background_size=&#8221;initial&#8221; background_position=&#8221;top_left&#8221; background_repeat=&#8221;repeat&#8221; z_index=&#8221;499&#8243; locked=&#8221;off&#8221; global_colors_info=&#8221;{}&#8221;][et_pb_column type=&#8221;4_4&#8243; _builder_version=&#8221;4.16&#8243; custom_padding=&#8221;|||&#8221; global_colors_info=&#8221;{}&#8221; custom_padding__hover=&#8221;|||&#8221;][et_pb_text admin_label=&#8221;Text&#8221; _builder_version=&#8221;4.18.0&#8243; _module_preset=&#8221;default&#8221; positioning=&#8221;relative&#8221; z_index=&#8221;-500&#8243; global_colors_info=&#8221;{}&#8221;]<\/p>\n<h3>Va\u0161a ko\u0161arica je prazna!<\/h3>\n<p>&nbsp;<\/p>\n<p>Kad stavite proizvode u ko\u0161aricu, proizvodi \u0107e se prikazati ovdje. <a href=\"https:\/\/nasadi.hr\/webshop\/trgovina\/\">Povratak na trgovinu.<\/a><\/p>\n<p>[\/et_pb_text][et_pb_wc_cart_products show_coupon_code=&#8221;off&#8221; _builder_version=&#8221;4.18.0&#8243; _module_preset=&#8221;default&#8221; background_color=&#8221;#FFFFFF&#8221; custom_disabled_button=&#8221;on&#8221; disabled_button_text_size=&#8221;17px&#8221; positioning=&#8221;relative&#8221; vertical_offset=&#8221;-140px&#8221; z_index=&#8221;500&#8243; vertical_offset_tablet=&#8221;-140px&#8221; vertical_offset_phone=&#8221;-165px&#8221; vertical_offset_last_edited=&#8221;on|phone&#8221; display_conditions=&#8221;W3siaWQiOiJmZjdkMmFhNy02ODI4LTRlMWMtYWNkNS05YTU4N2QwYmZjNGEiLCJjb25kaXRpb24iOiJjYXJ0Q29udGVudHMiLCJjb25kaXRpb25TZXR0aW5ncyI6eyJkaXNwbGF5UnVsZSI6Imhhc1Byb2R1Y3RzIiwicHJvZHVjdHMiOltdLCJhZG1pbkxhYmVsIjoiQ2FydCBDb250ZW50cyIsImVuYWJsZUNvbmRpdGlvbiI6Im9uIn0sIm9wZXJhdG9yIjoiT1IifV0=&#8221; custom_css_input_fields=&#8221;width: 80px;&#8221; global_colors_info=&#8221;{}&#8221;][\/et_pb_wc_cart_products][et_pb_wc_cart_totals admin_label=&#8221;Woo Cart Totals&#8221; _builder_version=&#8221;4.18.0&#8243; _module_preset=&#8221;default&#8221; background_color=&#8221;#FFFFFF&#8221; custom_button=&#8221;on&#8221; button_text_size=&#8221;23px&#8221; button_text_color=&#8221;#FFFFFF&#8221; button_bg_color=&#8221;#ee303a&#8221; button_border_width=&#8221;0px&#8221; button_border_radius=&#8221;3px&#8221; button_letter_spacing=&#8221;2px&#8221; button_font=&#8221;|||on|||||&#8221; button_icon=&#8221;&#x35;||divi||400&#8243; button_custom_margin=&#8221;100px||||false|false&#8221; positioning=&#8221;relative&#8221; vertical_offset=&#8221;-140px&#8221; z_index=&#8221;500&#8243; vertical_offset_tablet=&#8221;-140px&#8221; vertical_offset_phone=&#8221;-155px&#8221; vertical_offset_last_edited=&#8221;on|phone&#8221; display_conditions=&#8221;W3siaWQiOiIzMTkzNjg3MC02YWMxLTQ3NjYtOGRhMi00M2IzNTQyMTA0YmIiLCJjb25kaXRpb24iOiJjYXJ0Q29udGVudHMiLCJjb25kaXRpb25TZXR0aW5ncyI6eyJkaXNwbGF5UnVsZSI6Imhhc1Byb2R1Y3RzIiwicHJvZHVjdHMiOltdLCJhZG1pbkxhYmVsIjoiQ2FydCBDb250ZW50cyIsImVuYWJsZUNvbmRpdGlvbiI6Im9uIn0sIm9wZXJhdG9yIjoiT1IifV0=&#8221; custom_margin=&#8221;||||false|false&#8221; custom_padding=&#8221;||||false|false&#8221; hover_enabled=&#8221;0&#8243; button_text_size_tablet=&#8221;23px&#8221; button_text_size_phone=&#8221;17px&#8221; button_text_size_last_edited=&#8221;on|phone&#8221; custom_css_button=&#8221;width:100%;&#8221; global_colors_info=&#8221;{}&#8221; button_bg_color__hover=&#8221;#008847&#8243; button_bg_color__hover_enabled=&#8221;on|desktop&#8221; custom_css_button__hover_enabled=&#8221;on|hover&#8221; custom_css_button__hover=&#8221;width:100%;||background-color: #008847!important;&#8221; sticky_enabled=&#8221;0&#8243;][\/et_pb_wc_cart_totals][\/et_pb_column][\/et_pb_row][\/et_pb_section]<\/p>\n","protected":false},"excerpt":{"rendered":"<p>Moj ra\u010dun \/ Ko\u0161aricaVa\u0161a ko\u0161arica je prazna! &nbsp; Kad stavite proizvode u ko\u0161aricu, proizvodi \u0107e se prikazati ovdje. Povratak na trgovinu.<\/p>\n","protected":false},"author":1,"featured_media":0,"parent":0,"menu_order":0,"comment_status":"closed","ping_status":"closed","template":"","meta":{"_seopress_robots_primary_cat":"","_seopress_titles_title":"Nasadi doo Webshop - Ko\u0161arica","_seopress_titles_desc":"Proizvodi u ko\u0161arici Nasadi doo webshopa.","_seopress_robots_index":"yes","_et_pb_use_builder":"on","_et_pb_old_content":"<p>[woocommerce_cart]<\/p>","_et_gb_content_width":"","footnotes":""},"class_list":["post-1801","page","type-page","status-publish","hentry"],"_links":{"self":[{"href":"https:\/\/nasadi.hr\/webshop\/wp-json\/wp\/v2\/pages\/1801","targetHints":{"allow":["GET"]}}],"collection":[{"href":"https:\/\/nasadi.hr\/webshop\/wp-json\/wp\/v2\/pages"}],"about":[{"href":"https:\/\/nasadi.hr\/webshop\/wp-json\/wp\/v2\/types\/page"}],"author":[{"embeddable":true,"href":"https:\/\/nasadi.hr\/webshop\/wp-json\/wp\/v2\/users\/1"}],"replies":[{"embeddable":true,"href":"https:\/\/nasadi.hr\/webshop\/wp-json\/wp\/v2\/comments?post=1801"}],"version-history":[{"count":0,"href":"https:\/\/nasadi.hr\/webshop\/wp-json\/wp\/v2\/pages\/1801\/revisions"}],"wp:attachment":[{"href":"https:\/\/nasadi.hr\/webshop\/wp-json\/wp\/v2\/media?parent=1801"}],"curies":[{"name":"wp","href":"https:\/\/api.w.org\/{rel}","templated":true}]}}